{"id":14,"date":"2024-12-23T20:04:24","date_gmt":"2024-12-23T19:04:24","guid":{"rendered":"https:\/\/voilacequonvafaire.be\/?page_id=14"},"modified":"2026-04-10T16:58:57","modified_gmt":"2026-04-10T14:58:57","slug":"les-spectacles","status":"publish","type":"page","link":"https:\/\/voilacequonvafaire.be\/index.php\/les-spectacles\/","title":{"rendered":"LES SPECTACLES"},"content":{"rendered":"\n<h2 class=\"wp-block-heading\">OYEZ<\/h2>\n\n\n\n<p class=\"has-text-align-left\"><strong><em>Cr\u00e9ation 2025<\/em><\/strong> soutenue par La Roseraie, Le CC Wolubilis, L&rsquo;asbl Cirqu&rsquo;conflex, Les Baladins du Miroir, Le Corridor, La Tani\u00e8re, La Grange Rouge, le CAR Ath, La cie Ah mon amour, Le CAS.<\/p>\n\n\n\n<div class=\"wp-block-columns is-layout-flex wp-container-core-columns-is-layout-28f84493 wp-block-columns-is-layout-flex\">\n<div class=\"wp-block-column is-layout-flow wp-block-column-is-layout-flow\">\n<figure class=\"wp-block-image aligncenter size-large is-resized\"><img loading=\"lazy\" decoding=\"async\" width=\"1024\" height=\"682\" src=\"https:\/\/voilacequonvafaire.be\/wp-content\/uploads\/2025\/01\/chateau-petit-1024x682.jpg\" alt=\"\" class=\"wp-image-168\" style=\"width:515px;height:auto\" srcset=\"https:\/\/voilacequonvafaire.be\/wp-content\/uploads\/2025\/01\/chateau-petit-1024x682.jpg 1024w, https:\/\/voilacequonvafaire.be\/wp-content\/uploads\/2025\/01\/chateau-petit-300x200.jpg 300w, https:\/\/voilacequonvafaire.be\/wp-content\/uploads\/2025\/01\/chateau-petit-768x512.jpg 768w, https:\/\/voilacequonvafaire.be\/wp-content\/uploads\/2025\/01\/chateau-petit-1536x1024.jpg 1536w, https:\/\/voilacequonvafaire.be\/wp-content\/uploads\/2025\/01\/chateau-petit.jpg 1772w\" sizes=\"auto, (max-width: 1024px) 100vw, 1024px\" \/><figcaption class=\"wp-element-caption\">(c) Sarah Brunori<\/figcaption><\/figure>\n\n\n\n<p class=\"has-text-align-center\">Trois messag\u00e8res surentra\u00een\u00e9es sont charg\u00e9es de transmettre l&rsquo;annonce du Duc de la r\u00e9gion au peuple avide de nouvelles. <br>Seulement, voil\u00e0, un membre du public va leur demander plus d\u2019explications.<br>Quelque chose va changer, mais quoi ?<\/p>\n\n\n\n<p class=\"has-text-align-center\">Le r\u00e9cit chancelle lorsqu\u2019elles comprennent qu\u2019elles n\u2019ont pas entendu le message d\u2019une m\u00eame oreille.<br><\/p>\n<\/div>\n<\/div>\n\n\n\n<p>Ce spectacle <strong>\u00e9crit pour<\/strong> <strong>la RUE <\/strong>interroge notre <strong>rapport \u00e0 l&rsquo;information <\/strong>et notre besoin d&rsquo;avoir raison, d&rsquo;\u00eatre celui ou celle qui sait et qui de fait d\u00e9tiendra <strong>le pouvoir<\/strong>. Le pouvoir sur la situation, le pouvoir sur les autres. <br><br>Le contexte de la Renaissance est un pr\u00e9texte pour explorer <strong>les rapports de domination<\/strong> et notre <strong>sentiment d&rsquo;impuissance<\/strong> face aux institutions et politiques publiques actuelles.<br><\/p>\n\n\n\n<p><\/p>\n","protected":false},"excerpt":{"rendered":"<p>OYEZ Cr\u00e9ation 2025 soutenue par La Roseraie, Le CC Wolubilis, L&rsquo;asbl Cirqu&rsquo;conflex, Les Baladins du Miroir, Le Corridor, La Tani\u00e8re, La Grange Rouge, le CAR Ath, La cie Ah mon amour, Le CAS. Trois messag\u00e8res surentra\u00een\u00e9es sont charg\u00e9es de transmettre l&rsquo;annonce du Duc de la r\u00e9gion au peuple avide de nouvelles. Seulement, voil\u00e0, un membre [&hellip;]<\/p>\n","protected":false},"author":1,"featured_media":0,"parent":0,"menu_order":2,"comment_status":"closed","ping_status":"closed","template":"","meta":{"footnotes":""},"class_list":["post-14","page","type-page","status-publish","hentry"],"_links":{"self":[{"href":"https:\/\/voilacequonvafaire.be\/index.php\/wp-json\/wp\/v2\/pages\/14","targetHints":{"allow":["GET"]}}],"collection":[{"href":"https:\/\/voilacequonvafaire.be\/index.php\/wp-json\/wp\/v2\/pages"}],"about":[{"href":"https:\/\/voilacequonvafaire.be\/index.php\/wp-json\/wp\/v2\/types\/page"}],"author":[{"embeddable":true,"href":"https:\/\/voilacequonvafaire.be\/index.php\/wp-json\/wp\/v2\/users\/1"}],"replies":[{"embeddable":true,"href":"https:\/\/voilacequonvafaire.be\/index.php\/wp-json\/wp\/v2\/comments?post=14"}],"version-history":[{"count":49,"href":"https:\/\/voilacequonvafaire.be\/index.php\/wp-json\/wp\/v2\/pages\/14\/revisions"}],"predecessor-version":[{"id":350,"href":"https:\/\/voilacequonvafaire.be\/index.php\/wp-json\/wp\/v2\/pages\/14\/revisions\/350"}],"wp:attachment":[{"href":"https:\/\/voilacequonvafaire.be\/index.php\/wp-json\/wp\/v2\/media?parent=14"}],"curies":[{"name":"wp","href":"https:\/\/api.w.org\/{rel}","templated":true}]}}